{"id":12870,"date":"2023-09-06T16:30:54","date_gmt":"2023-09-06T16:30:54","guid":{"rendered":"https:\/\/digiras.com\/our-team\/"},"modified":"2025-04-21T14:14:42","modified_gmt":"2025-04-21T14:14:42","slug":"ekibimiz","status":"publish","type":"page","link":"https:\/\/digiras.com\/tr\/ekibimiz\/","title":{"rendered":"Ekibimiz"},"content":{"rendered":"\t\t<div data-elementor-type=\"wp-page\" data-elementor-id=\"12870\" class=\"elementor elementor-12870\" data-elementor-post-type=\"page\">\n\t\t\t\t<div class=\"elementor-element elementor-element-ede8527 e-flex e-con-boxed e-con e-parent \" data-id=\"ede8527\" data-element_type=\"container\" data-e-type=\"container\">\t\t\t<div class=\"e-con-inner\">\r\n\t\t\t\t<div class=\"elementor-element elementor-element-ced2da1 elementor-widget elementor-widget-spacer\" data-id=\"ced2da1\" data-element_type=\"widget\" data-e-type=\"widget\" data-widget_type=\"spacer.default\">\n\t\t\t\t<div class=\"elementor-widget-container\">\n\t\t\t\t\t\t\t<div class=\"elementor-spacer\">\n\t\t\t<div class=\"elementor-spacer-inner\"><\/div>\n\t\t<\/div>\n\t\t\t\t\t\t<\/div>\n\t\t\t\t<\/div>\n\t\t\t\t\t<\/div>\r\n\t\t\t\t<\/div>\r\n\t\t        <section class=\"elementor-section elementor-top-section elementor-element elementor-element-81c4303 elementor-section-boxed elementor-section-height-default elementor-section-height-default pxl-row-scroll-none pxl-zoom-point-false pxl-section-overflow-visible pxl-section-fix-none pxl-bg-color-none pxl-section-overlay-none\" data-id=\"81c4303\" data-element_type=\"section\" data-e-type=\"section\">\n\n                \n                <div class=\"elementor-container elementor-column-gap-extended \">\n                <div class=\"elementor-column elementor-col-100 elementor-top-column elementor-element elementor-element-76dd6ac pxl-column-none pxl-column-overflow-hidden-no\" data-id=\"76dd6ac\" data-element_type=\"column\" data-e-type=\"column\">\r\n        <div class=\"elementor-widget-wrap elementor-element-populated\">\r\n                     \r\n                <section class=\"elementor-section elementor-inner-section elementor-element elementor-element-e1ce1cd elementor-section-boxed elementor-section-height-default elementor-section-height-default pxl-row-scroll-none pxl-zoom-point-false pxl-section-overflow-visible pxl-section-fix-none pxl-bg-color-none pxl-section-overlay-none\" data-id=\"e1ce1cd\" data-element_type=\"section\" data-e-type=\"section\">\n\n                \n                <div class=\"elementor-container elementor-column-gap-extended \">\n                <div class=\"elementor-column elementor-col-50 elementor-inner-column elementor-element elementor-element-3836caf pxl-column-none pxl-column-overflow-hidden-no\" data-id=\"3836caf\" data-element_type=\"column\" data-e-type=\"column\">\r\n        <div class=\"elementor-widget-wrap elementor-element-populated\">\r\n                     \r\n        \t\t<div class=\"elementor-element elementor-element-739ae15 elementor-widget elementor-widget-pxl_heading\" data-id=\"739ae15\" data-element_type=\"widget\" data-e-type=\"widget\" data-widget_type=\"pxl_heading.default\">\n\t\t\t\t<div class=\"elementor-widget-container\">\n\t\t\t\t\t\n<div id=\"pxl-pxl_heading-739ae15-9929\" class=\"pxl-heading px-sub-title-primary-style \">\n\t<div class=\"pxl-heading--inner\">\n\t\t\t\t\t<div class=\"pxl-item--subtitle px-sub-title-primary \" data-wow-delay=\"ms\">\n\t\t\t\t<span class=\"pxl-item--subtext\">\n\t\t\t\t\t\t\t\t\t\tEK\u0130B\u0130M\u0130Z\t\t\t\t<\/span>\n\t\t\t<\/div>\n\t\t\n\t\t<h3 class=\"pxl-item--title style-default highlight-default \" data-wow-delay=\"ms\">\n\t\t\t\n\t\t\t\n\t\t\t\n\t\t\t<span class=\"pxl-heading--text\">\n\n\t\t\t\t\t\t\t\t\tUzman Dan\u0131\u015fmanlar\u0131m\u0131z \u00c7\u00f6z\u00fcm Sunar\n\t\n\t\t\t\t\t\n\n\t\t\t<\/span>\n\t\t<\/h3>\n\t\t\n\t<\/div>\n<\/div>\t\t\t\t<\/div>\n\t\t\t\t<\/div>\n\t\t\t\t<div class=\"elementor-element elementor-element-227d173 elementor-widget elementor-widget-pxl_text_editor\" data-id=\"227d173\" data-element_type=\"widget\" data-e-type=\"widget\" data-widget_type=\"pxl_text_editor.default\">\n\t\t\t\t<div class=\"elementor-widget-container\">\n\t\t\t\t\t<div class=\"pxl-text-editor\">\n\t<div class=\"pxl-item--inner  \" data-wow-delay=\"ms\">\n\t\t<p>T\u00fcrkiye merkezli bir \u015firket olarak, yerel SEO, dijital pazarlama ve Google Harita SEO konular\u0131nda uzman\u0131z. \u0130\u015fletmelerin \u00e7evrim i\u00e7i g\u00f6r\u00fcn\u00fcrl\u00fc\u011f\u00fcn\u00fc art\u0131rmalar\u0131na yard\u0131mc\u0131 oluruz. T\u00fcrkiye, Avrupa, Avustralya ve Kanada\u2019daki deneyimimizle, i\u015fletmeleri yerel arama sonu\u00e7lar\u0131nda \u00f6ne \u00e7\u0131kar\u0131r\u0131z.<\/p>\t\t\n\t<\/div>\n<\/div>\t\t\t\t<\/div>\n\t\t\t\t<\/div>\n\t\t            <\/div>\r\n        <\/div>\r\n                <div class=\"elementor-column elementor-col-50 elementor-inner-column elementor-element elementor-element-a8efa29 pxl-column-none pxl-column-overflow-hidden-no\" data-id=\"a8efa29\" data-element_type=\"column\" data-e-type=\"column\">\r\n        <div class=\"elementor-widget-wrap elementor-element-populated\">\r\n                     \r\n        \t\t<div class=\"elementor-element elementor-element-0712bcc elementor-widget-mobile__width-auto elementor-widget elementor-widget-global elementor-global-11484 elementor-widget-pxl_button_circle\" data-id=\"0712bcc\" data-element_type=\"widget\" data-e-type=\"widget\" data-widget_type=\"pxl_button_circle.default\">\n\t\t\t\t<div class=\"elementor-widget-container\">\n\t\t\t\t\t<div id=\"pxl-pxl_button_circle-0712bcc-2738\" class=\"\" data-wow-delay=\"ms\">\r\n                <a href=\"https:\/\/api.whatsapp.com\/send\/?phone=905518474194\" class=\"pxl-button-circle pxl-overlay-shake style-1\" target=\"_blank\" rel=\"noopener\">\r\n                <span class=\"pxl-text-inner\">\r\n                    <i aria-hidden=\"true\" class=\"flaticon flaticon-right-up\"><\/i>                    <span>Contact<\/span>\r\n                <\/span>\r\n                <span class=\"pxl-overlay--color\"><\/span>\r\n            <\/a>\r\n            <\/div>\t\t\t\t<\/div>\n\t\t\t\t<\/div>\n\t\t            <\/div>\r\n        <\/div>\r\n        \t\t\t<\/div>\n\t\t<\/section>\n\t\t            <\/div>\r\n        <\/div>\r\n        \t\t\t<\/div>\n\t\t<\/section>\n\t\t<div class=\"elementor-element elementor-element-d530554 e-flex e-con-boxed e-con e-parent \" data-id=\"d530554\" data-element_type=\"container\" data-e-type=\"container\">\t\t\t<div class=\"e-con-inner\">\r\n\t\t\t\t<div class=\"elementor-element elementor-element-06ea10d elementor-widget elementor-widget-global elementor-global-12838 elementor-widget-pxl_team_grid\" data-id=\"06ea10d\" data-element_type=\"widget\" data-e-type=\"widget\" data-widget_type=\"pxl_team_grid.default\">\n\t\t\t\t<div class=\"elementor-widget-container\">\n\t\t\t\t\t    <div class=\"pxl-grid pxl-team-grid pxl-team-grid1 pxl-team-layout1\">\r\n        <div class=\"pxl-grid-inner pxl-grid-masonry row\" data-gutter=\"15\">\r\n                                                                        <div class=\"pxl-grid-item col-xl-3 col-lg-3 col-md-6 col-sm-6 col-12\">\r\n                            <div class=\"pxl-item--inner pxl-item--first  \">\r\n                                                                    <div class=\"pxl-item--image\">\r\n                                        <img fetchpriority=\"high\" decoding=\"async\" class=\"no-lazyload \" src=\"https:\/\/digiras.com\/wp-content\/uploads\/2025\/02\/Digiras-Ekibimiz.jpg\" width=\"526\" height=\"772\" alt=\"Digiras -Ekibimiz\" title=\"Digiras -Ekibimiz\" \/>                                    <\/div>\r\n                                                                <div class=\"pxl-item--content\">\r\n                                    <div class=\"pxl-item--top\">\r\n                                        <div class=\"wg-sub-title pxl-empty\">build your career<\/div>\r\n                                        <h5 class=\"wg-title pxl-empty\">Ekibimize Kat\u0131lmak \u0130ster misiniz?<\/h5>\r\n                                        <div class=\"wg-desc pxl-empty\">Daha iyi bir gelecek i\u00e7in bizimle \u00e7al\u0131\u015f\u0131n.\nCV\u2019nizi ve \u00e7al\u0131\u015fma portf\u00f6y\u00fcn\u00fcz\u00fc e-posta ile g\u00f6nderin.<\/div>\r\n                                    <\/div>\r\n                                                                            <div class=\"wg-button\">\r\n                                            <a href=\"https:\/\/digiras.com\/contact\/\">Hemen Ba\u015fvur \u2192<\/a>\r\n                                        <\/div>\r\n                                                                    <\/div>\r\n                            <\/div>\r\n                        <\/div>\r\n                                                    <div class=\"pxl-grid-item col-xl-3 col-lg-3 col-md-6 col-sm-6 col-12\">\r\n                    <div class=\"pxl-item--inner \">\r\n                                                    <div class=\"pxl-item--image\">\r\n                                                                    <img fetchpriority=\"high\" decoding=\"async\" class=\"no-lazyload \" src=\"https:\/\/digiras.com\/wp-content\/uploads\/2025\/02\/Digiras-Ekibimiz.jpg\" width=\"526\" height=\"772\" alt=\"Digiras -Ekibimiz\" title=\"Digiras -Ekibimiz\" \/>                                                            <\/div>\r\n                            <div class=\"pxl-item--bottom\">\r\n                                                                    <div class=\"pxl-item--social\">\r\n                                        <div class=\"pxl-social--inner\">\r\n                                                                                            <a href=\"\" target=\"_blank\"><i class=\"flaticon flaticon-linkedin\"><\/i><\/a>\r\n                                                                                    <\/div>\r\n                                    <\/div>\r\n                                                                <div class=\"pxl-item--holder\">\r\n                                    <div class=\"pxl-holder--inner\">\r\n                                        <h3 class=\"pxl-item--title\">Ahmet Demirsoy<\/h3>\r\n                                        <div class=\"pxl-item--position\">Pazarlama Direkt\u00f6r\u00fc<\/div>\r\n                                    <\/div>\r\n                                <\/div>\r\n                            <\/div>\r\n                                           <\/div>\r\n                <\/div>\r\n                                            <div class=\"pxl-grid-item col-xl-3 col-lg-3 col-md-6 col-sm-6 col-12\">\r\n                    <div class=\"pxl-item--inner \">\r\n                                                    <div class=\"pxl-item--image\">\r\n                                                                    <img decoding=\"async\" class=\"no-lazyload \" src=\"https:\/\/digiras.com\/wp-content\/uploads\/2025\/02\/Digiras-Ekibimiz-2.jpg\" width=\"526\" height=\"772\" alt=\"Digiras -Ekibimiz-2\" title=\"Digiras -Ekibimiz-2\" \/>                                                            <\/div>\r\n                            <div class=\"pxl-item--bottom\">\r\n                                                                    <div class=\"pxl-item--social\">\r\n                                        <div class=\"pxl-social--inner\">\r\n                                                                                            <a href=\"\" target=\"_blank\"><i class=\"flaticon flaticon-linkedin\"><\/i><\/a>\r\n                                                                                    <\/div>\r\n                                    <\/div>\r\n                                                                <div class=\"pxl-item--holder\">\r\n                                    <div class=\"pxl-holder--inner\">\r\n                                        <h3 class=\"pxl-item--title\">Alperen Y\u0131ld\u0131r\u0131m<\/h3>\r\n                                        <div class=\"pxl-item--position\">Yerel SEO Direkt\u00f6r\u00fc<\/div>\r\n                                    <\/div>\r\n                                <\/div>\r\n                            <\/div>\r\n                                           <\/div>\r\n                <\/div>\r\n                        <div class=\"grid-sizer col-xl-3 col-lg-3 col-md-6 col-sm-6 col-12\"><\/div>\r\n        <\/div>\r\n    <\/div>\r\n\t\t\t\t<\/div>\n\t\t\t\t<\/div>\n\t\t\t\t\t<\/div>\r\n\t\t\t\t<\/div>\r\n\t\t\t\t<\/div>\n\t\t","protected":false},"excerpt":{"rendered":"<p>EK\u0130B\u0130M\u0130Z Uzman Dan\u0131\u015fmanlar\u0131m\u0131z \u00c7\u00f6z\u00fcm Sunar T\u00fcrkiye merkezli bir \u015firket olarak, yerel SEO, dijital pazarlama ve Google Harita SEO konular\u0131nda uzman\u0131z. \u0130\u015fletmelerin \u00e7evrim i\u00e7i g\u00f6r\u00fcn\u00fcrl\u00fc\u011f\u00fcn\u00fc art\u0131rmalar\u0131na yard\u0131mc\u0131 oluruz. T\u00fcrkiye, Avrupa, Avustralya ve Kanada\u2019daki deneyimimizle, i\u015fletmeleri yerel arama sonu\u00e7lar\u0131nda \u00f6ne \u00e7\u0131kar\u0131r\u0131z. Contact build your career Ekibimize Kat\u0131lmak \u0130ster misiniz? Daha iyi bir gelecek i\u00e7in bizimle \u00e7al\u0131\u015f\u0131n. CV\u2019nizi [&hellip;]<\/p>\n","protected":false},"author":1,"featured_media":0,"parent":0,"menu_order":0,"comment_status":"closed","ping_status":"closed","template":"","meta":{"footnotes":""},"class_list":["post-12870","page","type-page","status-publish","hentry"],"_links":{"self":[{"href":"https:\/\/digiras.com\/tr\/wp-json\/wp\/v2\/pages\/12870","targetHints":{"allow":["GET"]}}],"collection":[{"href":"https:\/\/digiras.com\/tr\/wp-json\/wp\/v2\/pages"}],"about":[{"href":"https:\/\/digiras.com\/tr\/wp-json\/wp\/v2\/types\/page"}],"author":[{"embeddable":true,"href":"https:\/\/digiras.com\/tr\/wp-json\/wp\/v2\/users\/1"}],"replies":[{"embeddable":true,"href":"https:\/\/digiras.com\/tr\/wp-json\/wp\/v2\/comments?post=12870"}],"version-history":[{"count":25,"href":"https:\/\/digiras.com\/tr\/wp-json\/wp\/v2\/pages\/12870\/revisions"}],"predecessor-version":[{"id":13334,"href":"https:\/\/digiras.com\/tr\/wp-json\/wp\/v2\/pages\/12870\/revisions\/13334"}],"wp:attachment":[{"href":"https:\/\/digiras.com\/tr\/wp-json\/wp\/v2\/media?parent=12870"}],"curies":[{"name":"wp","href":"https:\/\/api.w.org\/{rel}","templated":true}]}}